{"id":112,"date":"2013-12-10T20:55:35","date_gmt":"2013-12-10T19:55:35","guid":{"rendered":"http:\/\/www.balony-rybnik.com.pl\/?page_id=112"},"modified":"2024-03-04T12:07:35","modified_gmt":"2024-03-04T11:07:35","slug":"kontakt-z-nasza-pracownia","status":"publish","type":"page","link":"http:\/\/www.balony-rybnik.com.pl\/?page_id=112","title":{"rendered":">>>KONTAKT Z NASZ\u0104 PRACOWNI\u0104<<<"},"content":{"rendered":"<p style=\"text-align: center;\"><strong>Nasza pracownia :<\/strong><\/p>\n<h1 style=\"text-align: center;\"><strong>KR\u00d3L BALON\u00d3W- <a href=\"http:\/\/www.balony-rybnik.com.pl\">Balony z helem Rybnik<\/a><\/strong><\/h1>\n<p style=\"text-align: center;\">Plac Ko\u015bcielny 2<\/p>\n<p style=\"text-align: center;\">Rybnik\u00a0 ( obok starego ko\u015bcio\u0142a)<\/p>\n<p style=\"text-align: center;\">czynne na telefon\u00a0 tj. zadzwo\u0144 i powiedz kiedy m\u00f3g\u0142by\u015b wpa\u015b\u0107 na kaw\u0119, col\u0119 czy energy drinka<\/p>\n<p style=\"text-align: center;\">email:<\/p>\n<p style=\"text-align: center;\">balonyzhelem1@gmail.com<\/p>\n<p style=\"text-align: center;\"><span style=\"color: #ff0000;\"><strong>tel. 883 644 900 codziennie od 10:00-20:00 , potem raczej email \ud83d\ude42<\/strong><\/span><\/p>\n<p style=\"text-align: center;\"><span style=\"text-decoration: underline;\"><strong>Mo\u017cesz te\u017c je\u015bli ja nie odbieram zadzwoni\u0107 do mojej kompetentnej asystentki przez WHATSAP 881 168 861<br \/>\n<\/strong><\/span><\/p>\n<p style=\"text-align: center;\"><a href=\"http:\/\/www.facebook.com\/balonyzhelemrybnik\">www.facebook.com\/balonyzhelemrybnik<\/a><\/p>\n<p style=\"text-align: center;\"><span style=\"text-decoration: underline;\"><strong>Dane rejestrowe naszej firmy :<\/strong><\/span><\/p>\n<p style=\"text-align: center;\">Wojciech Czajka LLC ( sp. z o.o.)<\/p>\n<p style=\"text-align: center;\">30 N Gould st STE R<\/p>\n<p style=\"text-align: center;\">82801 Sheridan Wyoming USA<\/p>\n<p style=\"text-align: center;\">email: wojciechczajkallc@gmail.com<\/p>\n","protected":false},"excerpt":{"rendered":"<p>Nasza pracownia : KR\u00d3L BALON\u00d3W- Balony z helem Rybnik Plac Ko\u015bcielny 2 Rybnik\u00a0 ( obok starego ko\u015bcio\u0142a) czynne na telefon\u00a0 tj. zadzwo\u0144 i powiedz kiedy m\u00f3g\u0142by\u015b wpa\u015b\u0107 na kaw\u0119, col\u0119 czy energy drinka email: balonyzhelem1@gmail.com tel. 883 644 900 codziennie &hellip; <a href=\"http:\/\/www.balony-rybnik.com.pl\/?page_id=112\">Czytaj dalej <span class=\"meta-nav\">&rarr;<\/span><\/a><\/p>\n","protected":false},"author":1,"featured_media":0,"parent":0,"menu_order":0,"comment_status":"open","ping_status":"open","template":"","meta":[],"_links":{"self":[{"href":"http:\/\/www.balony-rybnik.com.pl\/index.php?rest_route=\/wp\/v2\/pages\/112"}],"collection":[{"href":"http:\/\/www.balony-rybnik.com.pl\/index.php?rest_route=\/wp\/v2\/pages"}],"about":[{"href":"http:\/\/www.balony-rybnik.com.pl\/index.php?rest_route=\/wp\/v2\/types\/page"}],"author":[{"embeddable":true,"href":"http:\/\/www.balony-rybnik.com.pl\/index.php?rest_route=\/wp\/v2\/users\/1"}],"replies":[{"embeddable":true,"href":"http:\/\/www.balony-rybnik.com.pl\/index.php?rest_route=%2Fwp%2Fv2%2Fcomments&post=112"}],"version-history":[{"count":12,"href":"http:\/\/www.balony-rybnik.com.pl\/index.php?rest_route=\/wp\/v2\/pages\/112\/revisions"}],"predecessor-version":[{"id":482,"href":"http:\/\/www.balony-rybnik.com.pl\/index.php?rest_route=\/wp\/v2\/pages\/112\/revisions\/482"}],"wp:attachment":[{"href":"http:\/\/www.balony-rybnik.com.pl\/index.php?rest_route=%2Fwp%2Fv2%2Fmedia&parent=112"}],"curies":[{"name":"wp","href":"https:\/\/api.w.org\/{rel}","templated":true}]}}