{"id":18,"date":"2013-07-18T23:36:38","date_gmt":"2013-07-18T21:36:38","guid":{"rendered":"http:\/\/www.balony-rybnik.com.pl\/?page_id=18"},"modified":"2014-07-21T19:44:47","modified_gmt":"2014-07-21T17:44:47","slug":"polityka-cookies","status":"publish","type":"page","link":"http:\/\/www.balony-rybnik.com.pl\/?page_id=18","title":{"rendered":"polityka cookies"},"content":{"rendered":"<p style=\"text-align: center;\"><strong>Polityka Plik\u00f3w Cookies Serwisu\u00a0<\/strong><\/p>\n<p style=\"text-align: center;\"><strong>1. Informacje Og\u00f3lne<br \/>\n<\/strong>Operatorem serwisu Wojciech Czajka<\/p>\n<p style=\"text-align: center;\">Serwis realizuje funkcje pozyskiwania informacji o u\u017cytkownikach i ich zachowaniu poprzez zapisywanie w urz\u0105dzeniach ko\u0144cowych pliki cookie (tzw. ciasteczka)<br \/>\n<strong>2. Informacja o plikach Cookies<br \/>\n<\/strong>Serwis korzysta z plik\u00f3w Cookies<br \/>\nPliki Cookies stanowi\u0105 dane informatyczne, w szczeg\u00f3lno\u015bci pliki tekstowe, kt\u00f3re przechowywane s\u0105 w urz\u0105dzeniu ko\u0144cowym U\u017cytkownika Serwisu i przeznaczone s\u0105 do korzystania ze stron internetowych Serwisu. Cookies zazwyczaj zawieraj\u0105 nazw\u0119 strony internetowej, z kt\u00f3rej pochodz\u0105, czas przechowywania ich na urz\u0105dzeniu ko\u0144cowym oraz unikalny numer.<br \/>\nPodmiotem zamieszczaj\u0105cym na urz\u0105dzeniu ko\u0144cowym U\u017cytkownika Serwisu pliki Cookies oraz uzyskuj\u0105cym do nich dost\u0119p jest operator Serwisu<br \/>\nPliki Cookies wykorzystywane s\u0105 w celu tworzenia statystyk, kt\u00f3re pomagaj\u0105 zrozumie\u0107 w jaki spos\u00f3b U\u017cytkownicy Serwisu korzystaj\u0105 ze stron internetowych, co umo\u017cliwia ulepszenie ich struktury i zawarto\u015bci.<br \/>\nW ramach Serwisu stosowane s\u0105 dwa zazadnicze rodzaje plik\u00f3w Cookies: sesyjne (session cookies) oraz sta\u0142e (persistent cookies). Cookies sesyjne s\u0105 plikami tymczasowymi, kt\u00f3re przechowywane s\u0105 w urz\u0105dzeniu ko\u0144cowym U\u017cytkownika do czasu wylogowania, opuszczenia strony internetowej lub wy\u0142\u0105czenia oprogramowania (przegl\u0105darki internetowej). Sta\u0142e pliki Cookies przechowywane s\u0105 w urz\u0105dzeniu ko\u0144cowym U\u017cytkownika przez ca\u0142y czas okre\u015blony w parametrach plik\u00f3w Cookies lub do czasu ich usuni\u0119cia przez U\u017cytkownika.<br \/>\nOprogramowanie do przegl\u0105dania stron internetowych (przegl\u0105darka internetowa) zazwyczaj domy\u015blnie dopuszcza przechowywanie plik\u00f3w Cookies w urz\u0105dzeniu ko\u0144cowym U\u017cytkownika. U\u017cytkownicy Serwisu mog\u0105 dokona\u0107 zmiany ustawie\u0144 w tym zakresie. Przegl\u0105darka internetowa umo\u017cliwia usuni\u0119cie plik\u00f3w Cookies. Mo\u017cliwe jest tak\u017ce automatyczne blokowanie plik\u00f3w Cookies. Szczeg\u00f3\u0142owe informacje na ten temat zawiera pomoc lub dokumentacja przegl\u0105darki internetowej.<br \/>\nOgraniczenia stosowania plik\u00f3w Cookies mog\u0105 wp\u0142yn\u0105\u0107 na niekt\u00f3re funkcjonalno\u015bci dost\u0119pne na stronach internetowych Serwisu.<strong><br \/>\n3. Udost\u0119pnianie danych<br \/>\n<\/strong>Dane podlegaj\u0105 udost\u0119pnieniu podmiotom zewn\u0119trznym wy\u0142\u0105cznie w granicach prawnie dozwolonych.<br \/>\nOperator mo\u017ce mie\u0107 obowi\u0105zek udzielenia informacji zebranych przez Serwis upowa\u017cnionym organom na podstawie zgodnych z prawem \u017c\u0105da\u0144 w zakresie wynikaj\u0105cym z \u017c\u0105dania.<strong><br \/>\n4. Zarz\u0105dzanie plikami Cookies<br \/>\n<\/strong>Je\u015bli U\u017cytkownik nie chce otrzymywa\u0107 plik\u00f3w Cookies, mo\u017ce zmieni\u0107 ustawienia przegl\u0105darki. Zastrzegamy, \u017ce wy\u0142\u0105czenie obs\u0142ugi plik\u00f3w Cookies niezb\u0119dnych do proces\u00f3w uwierzytelniania, bezpiecze\u0144stwa, utrzymania preferencji U\u017cytkownika mo\u017ce utrudni\u0107, a w skrajnych przypadkach mo\u017ce uniemo\u017cliwi\u0107 korzystanie ze stron www.<\/p>\n","protected":false},"excerpt":{"rendered":"<p>Polityka Plik\u00f3w Cookies Serwisu\u00a0 1. Informacje Og\u00f3lne Operatorem serwisu Wojciech Czajka Serwis realizuje funkcje pozyskiwania informacji o u\u017cytkownikach i ich zachowaniu poprzez zapisywanie w urz\u0105dzeniach ko\u0144cowych pliki cookie (tzw. ciasteczka) 2. Informacja o plikach Cookies Serwis korzysta z plik\u00f3w Cookies &hellip; <a href=\"http:\/\/www.balony-rybnik.com.pl\/?page_id=18\">Czytaj dalej <span class=\"meta-nav\">&rarr;<\/span><\/a><\/p>\n","protected":false},"author":1,"featured_media":0,"parent":0,"menu_order":0,"comment_status":"open","ping_status":"open","template":"","meta":[],"_links":{"self":[{"href":"http:\/\/www.balony-rybnik.com.pl\/index.php?rest_route=\/wp\/v2\/pages\/18"}],"collection":[{"href":"http:\/\/www.balony-rybnik.com.pl\/index.php?rest_route=\/wp\/v2\/pages"}],"about":[{"href":"http:\/\/www.balony-rybnik.com.pl\/index.php?rest_route=\/wp\/v2\/types\/page"}],"author":[{"embeddable":true,"href":"http:\/\/www.balony-rybnik.com.pl\/index.php?rest_route=\/wp\/v2\/users\/1"}],"replies":[{"embeddable":true,"href":"http:\/\/www.balony-rybnik.com.pl\/index.php?rest_route=%2Fwp%2Fv2%2Fcomments&post=18"}],"version-history":[{"count":3,"href":"http:\/\/www.balony-rybnik.com.pl\/index.php?rest_route=\/wp\/v2\/pages\/18\/revisions"}],"predecessor-version":[{"id":146,"href":"http:\/\/www.balony-rybnik.com.pl\/index.php?rest_route=\/wp\/v2\/pages\/18\/revisions\/146"}],"wp:attachment":[{"href":"http:\/\/www.balony-rybnik.com.pl\/index.php?rest_route=%2Fwp%2Fv2%2Fmedia&parent=18"}],"curies":[{"name":"wp","href":"https:\/\/api.w.org\/{rel}","templated":true}]}}