{"id":27,"date":"2013-07-19T11:28:54","date_gmt":"2013-07-19T09:28:54","guid":{"rendered":"http:\/\/www.balony-rybnik.com.pl\/?page_id=27"},"modified":"2024-03-04T12:43:22","modified_gmt":"2024-03-04T11:43:22","slug":"pokaz-baniek-mydlanych","status":"publish","type":"page","link":"http:\/\/www.balony-rybnik.com.pl\/?page_id=27","title":{"rendered":"pokaz baniek mydlanych &#8211; warsztaty baniek mydlanych"},"content":{"rendered":"\n<figure class=\"wp-block-gallery has-nested-images columns-default is-cropped wp-block-gallery-1 is-layout-flex\">\n<figure class=\"wp-block-image size-large\"><a href=\"http:\/\/www.balony-rybnik.com.pl\/wp-content\/uploads\/2024\/03\/374205836_1031070004778872_5554179026708295017_n.jpg\"><img decoding=\"async\" loading=\"lazy\" width=\"768\" height=\"1024\" data-id=\"486\"  src=\"http:\/\/www.balony-rybnik.com.pl\/wp-content\/uploads\/2024\/03\/374205836_1031070004778872_5554179026708295017_n-768x1024.jpg\" alt=\"\" class=\"wp-image-486\" srcset=\"http:\/\/www.balony-rybnik.com.pl\/wp-content\/uploads\/2024\/03\/374205836_1031070004778872_5554179026708295017_n-768x1024.jpg 768w, http:\/\/www.balony-rybnik.com.pl\/wp-content\/uploads\/2024\/03\/374205836_1031070004778872_5554179026708295017_n-225x300.jpg 225w, http:\/\/www.balony-rybnik.com.pl\/wp-content\/uploads\/2024\/03\/374205836_1031070004778872_5554179026708295017_n.jpg 780w\" sizes=\"(max-width: 768px) 100vw, 768px\" \/><\/a><\/figure>\n\n\n\n<figure class=\"wp-block-image size-large\"><a href=\"http:\/\/www.balony-rybnik.com.pl\/wp-content\/uploads\/2024\/03\/376556318_1035377747681431_3001278085634007953_n.jpg\"><img decoding=\"async\" loading=\"lazy\" width=\"1024\" height=\"768\" data-id=\"487\"  src=\"http:\/\/www.balony-rybnik.com.pl\/wp-content\/uploads\/2024\/03\/376556318_1035377747681431_3001278085634007953_n-1024x768.jpg\" alt=\"\" class=\"wp-image-487\" srcset=\"http:\/\/www.balony-rybnik.com.pl\/wp-content\/uploads\/2024\/03\/376556318_1035377747681431_3001278085634007953_n-1024x768.jpg 1024w, http:\/\/www.balony-rybnik.com.pl\/wp-content\/uploads\/2024\/03\/376556318_1035377747681431_3001278085634007953_n-300x225.jpg 300w, http:\/\/www.balony-rybnik.com.pl\/wp-content\/uploads\/2024\/03\/376556318_1035377747681431_3001278085634007953_n-768x576.jpg 768w, http:\/\/www.balony-rybnik.com.pl\/wp-content\/uploads\/2024\/03\/376556318_1035377747681431_3001278085634007953_n.jpg 1040w\" sizes=\"(max-width: 1024px) 100vw, 1024px\" \/><\/a><\/figure>\n\n\n\n<figure class=\"wp-block-image size-large\"><a href=\"http:\/\/www.balony-rybnik.com.pl\/wp-content\/uploads\/2024\/03\/412306831_1097341551485050_5942621649868083059_n.jpg\"><img decoding=\"async\" loading=\"lazy\" width=\"1024\" height=\"768\" data-id=\"489\"  src=\"http:\/\/www.balony-rybnik.com.pl\/wp-content\/uploads\/2024\/03\/412306831_1097341551485050_5942621649868083059_n-1024x768.jpg\" alt=\"\" class=\"wp-image-489\" srcset=\"http:\/\/www.balony-rybnik.com.pl\/wp-content\/uploads\/2024\/03\/412306831_1097341551485050_5942621649868083059_n-1024x768.jpg 1024w, http:\/\/www.balony-rybnik.com.pl\/wp-content\/uploads\/2024\/03\/412306831_1097341551485050_5942621649868083059_n-300x225.jpg 300w, http:\/\/www.balony-rybnik.com.pl\/wp-content\/uploads\/2024\/03\/412306831_1097341551485050_5942621649868083059_n-768x576.jpg 768w, http:\/\/www.balony-rybnik.com.pl\/wp-content\/uploads\/2024\/03\/412306831_1097341551485050_5942621649868083059_n-1536x1152.jpg 1536w, http:\/\/www.balony-rybnik.com.pl\/wp-content\/uploads\/2024\/03\/412306831_1097341551485050_5942621649868083059_n.jpg 1632w\" sizes=\"(max-width: 1024px) 100vw, 1024px\" \/><\/a><\/figure>\n\n\n\n<figure class=\"wp-block-image size-large\"><a href=\"http:\/\/www.balony-rybnik.com.pl\/wp-content\/uploads\/2024\/03\/424874752_1139035183982353_5913108965705825359_n.jpg\"><img decoding=\"async\" loading=\"lazy\" width=\"683\" height=\"1024\" data-id=\"488\"  src=\"http:\/\/www.balony-rybnik.com.pl\/wp-content\/uploads\/2024\/03\/424874752_1139035183982353_5913108965705825359_n-683x1024.jpg\" alt=\"\" class=\"wp-image-488\" srcset=\"http:\/\/www.balony-rybnik.com.pl\/wp-content\/uploads\/2024\/03\/424874752_1139035183982353_5913108965705825359_n-683x1024.jpg 683w, http:\/\/www.balony-rybnik.com.pl\/wp-content\/uploads\/2024\/03\/424874752_1139035183982353_5913108965705825359_n-200x300.jpg 200w, http:\/\/www.balony-rybnik.com.pl\/wp-content\/uploads\/2024\/03\/424874752_1139035183982353_5913108965705825359_n-768x1152.jpg 768w, http:\/\/www.balony-rybnik.com.pl\/wp-content\/uploads\/2024\/03\/424874752_1139035183982353_5913108965705825359_n.jpg 784w\" sizes=\"(max-width: 683px) 100vw, 683px\" \/><\/a><\/figure>\n<\/figure>\n\n\n<p style=\"text-align: center;\">\u00a0<\/p>\n<p><a href=\"http:\/\/www.balony-rybnik.com.pl\">BA\u0143KI MYDLANE<\/a> \u2013\u00a0 odpr\u0119\u017caj\u0105 , wywo\u0142uj\u0105 u\u015bmiech na twarzach zar\u00f3wno m\u0142odych jak i starszych. Jako klaun Dyzio , kolekcjonuj\u0119 u\u015bmiechy i stworzy\u0142em fajny program weso\u0142ych animacji z ba\u0144kami mydlanymi , kt\u00f3ry z braku pomys\u0142u na bardziej wystrza\u0142ow\u0105 nazw\u0119 nazwa\u0142em :<\/p>\n<p>\u00a0<\/p>\n<h2><strong>warsztaty baniek mydlanych dla dzieci\u00a0 ,<\/strong><\/h2>\n<p>wykonywanie urz\u0105dze\u0144 do puszczania baniek,<\/p>\n<p>puszczanie baniek ,<\/p>\n<p>zamykanie w ba\u0144kach mydlanych, ba\u0144ki z dymem w \u015brodku a tak\u017ce dla wszystkich uczestnik\u00f3w wata cukrowa oraz zwierzaki z balonik\u00f3w ( czas ok. 4 h )<\/p>\n<p>Dojad\u0119 w ka\u017cde miejsce Polski. Mam pomocnika !\u00a0 Cena\u00a0 1100 PLN brutto z dojazdem na \u015bl\u0105sku i w woj. opolskim\u00a0<\/p>\n<p>Ewentualna (<strong> nieobowi\u0105zkowa<\/strong>)\u00a0 dop\u0142ata do 100 balon\u00f3w z helem do rozdania to 700 PLN brutto<\/p>\n<p><strong>napisz :<\/strong> w_czajka@op.pl\u00a0 \u00a0lub zadzwo\u0144 732194188<\/p>\n<p style=\"text-align: center;\">\u00a0<\/p>\n<p><a href=\"http:\/\/www.balony-rybnik.com.pl\/?page_id=27\">#pokazybaniekmydlanych<\/a> #soapbubbles <a href=\"http:\/\/www.balony-rybnik.com.pl\/?page_id=27\">#warsztatybaniekmydlanych<\/a> <a href=\"http:\/\/www.balony-rybnik.com.pl\/?page_id=27\">#ba\u0144kimydlane<\/a><\/p>\n<div>\u00a0<\/div>\n<div>\u00a0<\/div>\n\n\n<figure class=\"wp-block-image size-large\"><a href=\"http:\/\/www.balony-rybnik.com.pl\/wp-content\/uploads\/2024\/03\/347441983_984555905878100_2123323158776771903_n.jpg\"><img decoding=\"async\" loading=\"lazy\" width=\"768\" height=\"1024\" src=\"http:\/\/www.balony-rybnik.com.pl\/wp-content\/uploads\/2024\/03\/347441983_984555905878100_2123323158776771903_n-768x1024.jpg\" alt=\"\" class=\"wp-image-508\" srcset=\"http:\/\/www.balony-rybnik.com.pl\/wp-content\/uploads\/2024\/03\/347441983_984555905878100_2123323158776771903_n-768x1024.jpg 768w, http:\/\/www.balony-rybnik.com.pl\/wp-content\/uploads\/2024\/03\/347441983_984555905878100_2123323158776771903_n-225x300.jpg 225w, http:\/\/www.balony-rybnik.com.pl\/wp-content\/uploads\/2024\/03\/347441983_984555905878100_2123323158776771903_n.jpg 972w\" sizes=\"(max-width: 768px) 100vw, 768px\" \/><\/a><\/figure>\n\n\n\n<figure class=\"wp-block-gallery has-nested-images columns-default is-cropped wp-block-gallery-3 is-layout-flex\">\n<figure class=\"wp-block-image size-large\"><a href=\"http:\/\/www.balony-rybnik.com.pl\/wp-content\/uploads\/2024\/03\/370262009_1029896268229579_7486799225264034641_n.jpg\"><img decoding=\"async\" loading=\"lazy\" width=\"1024\" height=\"768\" data-id=\"494\"  src=\"http:\/\/www.balony-rybnik.com.pl\/wp-content\/uploads\/2024\/03\/370262009_1029896268229579_7486799225264034641_n-1024x768.jpg\" alt=\"\" class=\"wp-image-494\" srcset=\"http:\/\/www.balony-rybnik.com.pl\/wp-content\/uploads\/2024\/03\/370262009_1029896268229579_7486799225264034641_n-1024x768.jpg 1024w, http:\/\/www.balony-rybnik.com.pl\/wp-content\/uploads\/2024\/03\/370262009_1029896268229579_7486799225264034641_n-300x225.jpg 300w, http:\/\/www.balony-rybnik.com.pl\/wp-content\/uploads\/2024\/03\/370262009_1029896268229579_7486799225264034641_n-768x576.jpg 768w, http:\/\/www.balony-rybnik.com.pl\/wp-content\/uploads\/2024\/03\/370262009_1029896268229579_7486799225264034641_n.jpg 1040w\" sizes=\"(max-width: 1024px) 100vw, 1024px\" \/><\/a><\/figure>\n\n\n\n<figure class=\"wp-block-image size-large\"><a href=\"http:\/\/www.balony-rybnik.com.pl\/wp-content\/uploads\/2024\/03\/374205836_1031070004778872_5554179026708295017_n-1.jpg\"><img decoding=\"async\" loading=\"lazy\" width=\"768\" height=\"1024\" data-id=\"490\"  src=\"http:\/\/www.balony-rybnik.com.pl\/wp-content\/uploads\/2024\/03\/374205836_1031070004778872_5554179026708295017_n-1-768x1024.jpg\" alt=\"\" class=\"wp-image-490\" srcset=\"http:\/\/www.balony-rybnik.com.pl\/wp-content\/uploads\/2024\/03\/374205836_1031070004778872_5554179026708295017_n-1-768x1024.jpg 768w, http:\/\/www.balony-rybnik.com.pl\/wp-content\/uploads\/2024\/03\/374205836_1031070004778872_5554179026708295017_n-1-225x300.jpg 225w, http:\/\/www.balony-rybnik.com.pl\/wp-content\/uploads\/2024\/03\/374205836_1031070004778872_5554179026708295017_n-1.jpg 780w\" sizes=\"(max-width: 768px) 100vw, 768px\" \/><\/a><\/figure>\n\n\n\n<figure class=\"wp-block-image size-large\"><a href=\"http:\/\/www.balony-rybnik.com.pl\/wp-content\/uploads\/2024\/03\/376556318_1035377747681431_3001278085634007953_n-1.jpg\"><img decoding=\"async\" loading=\"lazy\" width=\"1024\" height=\"768\" data-id=\"493\"  src=\"http:\/\/www.balony-rybnik.com.pl\/wp-content\/uploads\/2024\/03\/376556318_1035377747681431_3001278085634007953_n-1-1024x768.jpg\" alt=\"\" class=\"wp-image-493\" srcset=\"http:\/\/www.balony-rybnik.com.pl\/wp-content\/uploads\/2024\/03\/376556318_1035377747681431_3001278085634007953_n-1-1024x768.jpg 1024w, http:\/\/www.balony-rybnik.com.pl\/wp-content\/uploads\/2024\/03\/376556318_1035377747681431_3001278085634007953_n-1-300x225.jpg 300w, http:\/\/www.balony-rybnik.com.pl\/wp-content\/uploads\/2024\/03\/376556318_1035377747681431_3001278085634007953_n-1-768x576.jpg 768w, http:\/\/www.balony-rybnik.com.pl\/wp-content\/uploads\/2024\/03\/376556318_1035377747681431_3001278085634007953_n-1.jpg 1040w\" sizes=\"(max-width: 1024px) 100vw, 1024px\" \/><\/a><\/figure>\n\n\n\n<figure class=\"wp-block-image size-large\"><a href=\"http:\/\/www.balony-rybnik.com.pl\/wp-content\/uploads\/2024\/03\/412306831_1097341551485050_5942621649868083059_n-1.jpg\"><img decoding=\"async\" loading=\"lazy\" width=\"1024\" height=\"768\" data-id=\"491\"  src=\"http:\/\/www.balony-rybnik.com.pl\/wp-content\/uploads\/2024\/03\/412306831_1097341551485050_5942621649868083059_n-1-1024x768.jpg\" alt=\"\" class=\"wp-image-491\" srcset=\"http:\/\/www.balony-rybnik.com.pl\/wp-content\/uploads\/2024\/03\/412306831_1097341551485050_5942621649868083059_n-1-1024x768.jpg 1024w, http:\/\/www.balony-rybnik.com.pl\/wp-content\/uploads\/2024\/03\/412306831_1097341551485050_5942621649868083059_n-1-300x225.jpg 300w, http:\/\/www.balony-rybnik.com.pl\/wp-content\/uploads\/2024\/03\/412306831_1097341551485050_5942621649868083059_n-1-768x576.jpg 768w, http:\/\/www.balony-rybnik.com.pl\/wp-content\/uploads\/2024\/03\/412306831_1097341551485050_5942621649868083059_n-1-1536x1152.jpg 1536w, http:\/\/www.balony-rybnik.com.pl\/wp-content\/uploads\/2024\/03\/412306831_1097341551485050_5942621649868083059_n-1.jpg 1632w\" sizes=\"(max-width: 1024px) 100vw, 1024px\" \/><\/a><\/figure>\n\n\n\n<figure class=\"wp-block-image size-large\"><a href=\"http:\/\/www.balony-rybnik.com.pl\/wp-content\/uploads\/2024\/03\/424874752_1139035183982353_5913108965705825359_n-1.jpg\"><img decoding=\"async\" loading=\"lazy\" width=\"683\" height=\"1024\" data-id=\"495\"  src=\"http:\/\/www.balony-rybnik.com.pl\/wp-content\/uploads\/2024\/03\/424874752_1139035183982353_5913108965705825359_n-1-683x1024.jpg\" alt=\"\" class=\"wp-image-495\" srcset=\"http:\/\/www.balony-rybnik.com.pl\/wp-content\/uploads\/2024\/03\/424874752_1139035183982353_5913108965705825359_n-1-683x1024.jpg 683w, http:\/\/www.balony-rybnik.com.pl\/wp-content\/uploads\/2024\/03\/424874752_1139035183982353_5913108965705825359_n-1-200x300.jpg 200w, http:\/\/www.balony-rybnik.com.pl\/wp-content\/uploads\/2024\/03\/424874752_1139035183982353_5913108965705825359_n-1-768x1152.jpg 768w, http:\/\/www.balony-rybnik.com.pl\/wp-content\/uploads\/2024\/03\/424874752_1139035183982353_5913108965705825359_n-1.jpg 784w\" sizes=\"(max-width: 683px) 100vw, 683px\" \/><\/a><\/figure>\n\n\n\n<figure class=\"wp-block-image size-large\"><a href=\"http:\/\/www.balony-rybnik.com.pl\/wp-content\/uploads\/2024\/03\/430892579_1145387346680470_2921431639412128164_n.jpg\"><img decoding=\"async\" loading=\"lazy\" width=\"683\" height=\"1024\" data-id=\"496\"  src=\"http:\/\/www.balony-rybnik.com.pl\/wp-content\/uploads\/2024\/03\/430892579_1145387346680470_2921431639412128164_n-683x1024.jpg\" alt=\"\" class=\"wp-image-496\" srcset=\"http:\/\/www.balony-rybnik.com.pl\/wp-content\/uploads\/2024\/03\/430892579_1145387346680470_2921431639412128164_n-683x1024.jpg 683w, http:\/\/www.balony-rybnik.com.pl\/wp-content\/uploads\/2024\/03\/430892579_1145387346680470_2921431639412128164_n-200x300.jpg 200w, http:\/\/www.balony-rybnik.com.pl\/wp-content\/uploads\/2024\/03\/430892579_1145387346680470_2921431639412128164_n-768x1152.jpg 768w, http:\/\/www.balony-rybnik.com.pl\/wp-content\/uploads\/2024\/03\/430892579_1145387346680470_2921431639412128164_n.jpg 864w\" sizes=\"(max-width: 683px) 100vw, 683px\" \/><\/a><\/figure>\n\n\n\n<figure class=\"wp-block-image size-large\"><a href=\"http:\/\/www.balony-rybnik.com.pl\/wp-content\/uploads\/2024\/03\/429677757_1145387480013790_681709896904773105_n.jpg\"><img decoding=\"async\" loading=\"lazy\" width=\"1024\" height=\"683\" data-id=\"492\"  src=\"http:\/\/www.balony-rybnik.com.pl\/wp-content\/uploads\/2024\/03\/429677757_1145387480013790_681709896904773105_n-1024x683.jpg\" alt=\"\" class=\"wp-image-492\" srcset=\"http:\/\/www.balony-rybnik.com.pl\/wp-content\/uploads\/2024\/03\/429677757_1145387480013790_681709896904773105_n-1024x683.jpg 1024w, http:\/\/www.balony-rybnik.com.pl\/wp-content\/uploads\/2024\/03\/429677757_1145387480013790_681709896904773105_n-300x200.jpg 300w, http:\/\/www.balony-rybnik.com.pl\/wp-content\/uploads\/2024\/03\/429677757_1145387480013790_681709896904773105_n-768x512.jpg 768w, http:\/\/www.balony-rybnik.com.pl\/wp-content\/uploads\/2024\/03\/429677757_1145387480013790_681709896904773105_n.jpg 1296w\" sizes=\"(max-width: 1024px) 100vw, 1024px\" \/><\/a><\/figure>\n<\/figure>\n","protected":false},"excerpt":{"rendered":"<p>\u00a0 BA\u0143KI MYDLANE \u2013\u00a0 odpr\u0119\u017caj\u0105 , wywo\u0142uj\u0105 u\u015bmiech na twarzach zar\u00f3wno m\u0142odych jak i starszych. Jako klaun Dyzio , kolekcjonuj\u0119 u\u015bmiechy i stworzy\u0142em fajny program weso\u0142ych animacji z ba\u0144kami mydlanymi , kt\u00f3ry z braku pomys\u0142u na bardziej wystrza\u0142ow\u0105 nazw\u0119 nazwa\u0142em &hellip; <a href=\"http:\/\/www.balony-rybnik.com.pl\/?page_id=27\">Czytaj dalej <span class=\"meta-nav\">&rarr;<\/span><\/a><\/p>\n","protected":false},"author":1,"featured_media":0,"parent":0,"menu_order":0,"comment_status":"open","ping_status":"open","template":"","meta":[],"_links":{"self":[{"href":"http:\/\/www.balony-rybnik.com.pl\/index.php?rest_route=\/wp\/v2\/pages\/27"}],"collection":[{"href":"http:\/\/www.balony-rybnik.com.pl\/index.php?rest_route=\/wp\/v2\/pages"}],"about":[{"href":"http:\/\/www.balony-rybnik.com.pl\/index.php?rest_route=\/wp\/v2\/types\/page"}],"author":[{"embeddable":true,"href":"http:\/\/www.balony-rybnik.com.pl\/index.php?rest_route=\/wp\/v2\/users\/1"}],"replies":[{"embeddable":true,"href":"http:\/\/www.balony-rybnik.com.pl\/index.php?rest_route=%2Fwp%2Fv2%2Fcomments&post=27"}],"version-history":[{"count":9,"href":"http:\/\/www.balony-rybnik.com.pl\/index.php?rest_route=\/wp\/v2\/pages\/27\/revisions"}],"predecessor-version":[{"id":511,"href":"http:\/\/www.balony-rybnik.com.pl\/index.php?rest_route=\/wp\/v2\/pages\/27\/revisions\/511"}],"wp:attachment":[{"href":"http:\/\/www.balony-rybnik.com.pl\/index.php?rest_route=%2Fwp%2Fv2%2Fmedia&parent=27"}],"curies":[{"name":"wp","href":"https:\/\/api.w.org\/{rel}","templated":true}]}}