{"id":28,"date":"2013-07-19T11:29:33","date_gmt":"2013-07-19T09:29:33","guid":{"rendered":"http:\/\/www.balony-rybnik.com.pl\/?page_id=28"},"modified":"2024-03-04T12:30:48","modified_gmt":"2024-03-04T11:30:48","slug":"urodziny-dla-dzieci","status":"publish","type":"page","link":"http:\/\/www.balony-rybnik.com.pl\/?page_id=28","title":{"rendered":"urodziny dla dzieci"},"content":{"rendered":"\n<figure class=\"wp-block-image size-large\"><a href=\"http:\/\/www.balony-rybnik.com.pl\/wp-content\/uploads\/2024\/03\/349147900_226328343442485_4243365569953685466_n.jpg\"><img decoding=\"async\" loading=\"lazy\" width=\"1024\" height=\"768\" src=\"http:\/\/www.balony-rybnik.com.pl\/wp-content\/uploads\/2024\/03\/349147900_226328343442485_4243365569953685466_n-1024x768.jpg\" alt=\"\" class=\"wp-image-503\" srcset=\"http:\/\/www.balony-rybnik.com.pl\/wp-content\/uploads\/2024\/03\/349147900_226328343442485_4243365569953685466_n-1024x768.jpg 1024w, http:\/\/www.balony-rybnik.com.pl\/wp-content\/uploads\/2024\/03\/349147900_226328343442485_4243365569953685466_n-300x225.jpg 300w, http:\/\/www.balony-rybnik.com.pl\/wp-content\/uploads\/2024\/03\/349147900_226328343442485_4243365569953685466_n-768x576.jpg 768w, http:\/\/www.balony-rybnik.com.pl\/wp-content\/uploads\/2024\/03\/349147900_226328343442485_4243365569953685466_n-1536x1152.jpg 1536w, http:\/\/www.balony-rybnik.com.pl\/wp-content\/uploads\/2024\/03\/349147900_226328343442485_4243365569953685466_n.jpg 1632w\" sizes=\"(max-width: 1024px) 100vw, 1024px\" \/><\/a><\/figure>\n\n\n<p><a href=\"http:\/\/www.balony-rybnik.com.pl\/?p=181\">Klaun na imprez\u0119 urodzinow\u0105 <\/a>. Dost\u0119pne warianty od 1-3 h w super cenach i z maksymalnie na\u0142adowanym programem. Takiej oferty w tak niskiej cenie nie da Ci nikt. TYLKO WOJ.\u015aL\u0104SKIE ! ( pozosta\u0142e woj. wyceniamy po otrzymaniu email z konkretnym zapytaniem)<\/p>\n<p>\u00a0<\/p>\n<p><strong>U NAS :<\/strong><\/p>\n<ul>\n<li><strong><span style=\"color: #ff00ff;\">&#8211; nie ma ukrytych dop\u0142at za dodatkowe dzieci, <\/span><\/strong><\/li>\n<li><strong><span style=\"color: #ff00ff;\">&#8211; wszystko co masz wymienione masz w cenie <\/span><\/strong><\/li>\n<li><strong><span style=\"color: #ff00ff;\">&#8211; p\u0142acisz po wykonaniu us\u0142ugi ( nie pobieramy zaliczek) bo wiemy \u017ce dziecko mo\u017ce si\u0119 rozchorowa\u0107 !!!<\/span><\/strong><\/li>\n<\/ul>\n<h2 style=\"text-align: center;\"><span style=\"color: #ff9900;\"><strong>POLECANY NA IMPREZY DLA 5-10 latk\u00f3w !!! <\/strong><\/span><\/h2>\n<h2 style=\"text-align: center;\">\u00a0<\/h2>\n<p><strong>1. <span style=\"color: #ff0000;\">pokaz iluzji w wykonaniu klauna zako\u0144czony obdarowaniem zwierzakami z balonik\u00f3w ( czas trwania ~1,5 h ) ORAZ ZAMYKANIE DZIECI W BA\u0143KACH MYDLANYCH\u00a0 \u00a0cena z dojazdem na terenie woj.\u015bl\u0105skiego tylko 350 PLN brutto\u00a0<\/span><\/strong><\/p>\n<p>Mo\u017cna dokupi\u0107 pocz\u0119stunek wat\u0105 cukrow\u0105 w cenie 30 z\u0142 niezale\u017cnie od liczby uczestnik\u00f3w urodzinek\u00a0<\/p>\n\n\n<figure class=\"wp-block-image size-large\"><a href=\"http:\/\/www.balony-rybnik.com.pl\/wp-content\/uploads\/2024\/03\/345633679_1640146399783470_847852916748607167_n.jpg\"><img decoding=\"async\" loading=\"lazy\" width=\"1024\" height=\"1024\" src=\"http:\/\/www.balony-rybnik.com.pl\/wp-content\/uploads\/2024\/03\/345633679_1640146399783470_847852916748607167_n-1024x1024.jpg\" alt=\"\" class=\"wp-image-504\" srcset=\"http:\/\/www.balony-rybnik.com.pl\/wp-content\/uploads\/2024\/03\/345633679_1640146399783470_847852916748607167_n-1024x1024.jpg 1024w, http:\/\/www.balony-rybnik.com.pl\/wp-content\/uploads\/2024\/03\/345633679_1640146399783470_847852916748607167_n-300x300.jpg 300w, http:\/\/www.balony-rybnik.com.pl\/wp-content\/uploads\/2024\/03\/345633679_1640146399783470_847852916748607167_n-150x150.jpg 150w, http:\/\/www.balony-rybnik.com.pl\/wp-content\/uploads\/2024\/03\/345633679_1640146399783470_847852916748607167_n-768x768.jpg 768w, http:\/\/www.balony-rybnik.com.pl\/wp-content\/uploads\/2024\/03\/345633679_1640146399783470_847852916748607167_n.jpg 1080w\" sizes=\"(max-width: 1024px) 100vw, 1024px\" \/><\/a><\/figure>\n\n\n\n<figure class=\"wp-block-gallery has-nested-images columns-default is-cropped wp-block-gallery-1 is-layout-flex\">\n<figure class=\"wp-block-image size-large\"><a href=\"http:\/\/www.balony-rybnik.com.pl\/wp-content\/uploads\/2024\/03\/347436091_236866835624648_1470528066982816063_n.jpg\"><img decoding=\"async\" loading=\"lazy\" width=\"1024\" height=\"768\" data-id=\"499\"  src=\"http:\/\/www.balony-rybnik.com.pl\/wp-content\/uploads\/2024\/03\/347436091_236866835624648_1470528066982816063_n-1024x768.jpg\" alt=\"\" class=\"wp-image-499\" srcset=\"http:\/\/www.balony-rybnik.com.pl\/wp-content\/uploads\/2024\/03\/347436091_236866835624648_1470528066982816063_n-1024x768.jpg 1024w, http:\/\/www.balony-rybnik.com.pl\/wp-content\/uploads\/2024\/03\/347436091_236866835624648_1470528066982816063_n-300x225.jpg 300w, http:\/\/www.balony-rybnik.com.pl\/wp-content\/uploads\/2024\/03\/347436091_236866835624648_1470528066982816063_n-768x576.jpg 768w, http:\/\/www.balony-rybnik.com.pl\/wp-content\/uploads\/2024\/03\/347436091_236866835624648_1470528066982816063_n.jpg 1040w\" sizes=\"(max-width: 1024px) 100vw, 1024px\" \/><\/a><\/figure>\n\n\n\n<figure class=\"wp-block-image size-large\"><a href=\"http:\/\/www.balony-rybnik.com.pl\/wp-content\/uploads\/2024\/03\/347590872_287876576999795_5118789878889789599_n.jpg\"><img decoding=\"async\" loading=\"lazy\" width=\"1000\" height=\"582\" data-id=\"501\"  src=\"http:\/\/www.balony-rybnik.com.pl\/wp-content\/uploads\/2024\/03\/347590872_287876576999795_5118789878889789599_n.jpg\" alt=\"\" class=\"wp-image-501\" srcset=\"http:\/\/www.balony-rybnik.com.pl\/wp-content\/uploads\/2024\/03\/347590872_287876576999795_5118789878889789599_n.jpg 1000w, http:\/\/www.balony-rybnik.com.pl\/wp-content\/uploads\/2024\/03\/347590872_287876576999795_5118789878889789599_n-300x175.jpg 300w, http:\/\/www.balony-rybnik.com.pl\/wp-content\/uploads\/2024\/03\/347590872_287876576999795_5118789878889789599_n-768x447.jpg 768w\" sizes=\"(max-width: 1000px) 100vw, 1000px\" \/><\/a><\/figure>\n\n\n\n<figure class=\"wp-block-image size-large\"><a href=\"http:\/\/www.balony-rybnik.com.pl\/wp-content\/uploads\/2024\/03\/354963499_984079066144633_8202918187749214653_n-1.jpg\"><img decoding=\"async\" loading=\"lazy\" width=\"1024\" height=\"768\" data-id=\"502\"  src=\"http:\/\/www.balony-rybnik.com.pl\/wp-content\/uploads\/2024\/03\/354963499_984079066144633_8202918187749214653_n-1-1024x768.jpg\" alt=\"\" class=\"wp-image-502\" srcset=\"http:\/\/www.balony-rybnik.com.pl\/wp-content\/uploads\/2024\/03\/354963499_984079066144633_8202918187749214653_n-1-1024x768.jpg 1024w, http:\/\/www.balony-rybnik.com.pl\/wp-content\/uploads\/2024\/03\/354963499_984079066144633_8202918187749214653_n-1-300x225.jpg 300w, http:\/\/www.balony-rybnik.com.pl\/wp-content\/uploads\/2024\/03\/354963499_984079066144633_8202918187749214653_n-1-768x576.jpg 768w, http:\/\/www.balony-rybnik.com.pl\/wp-content\/uploads\/2024\/03\/354963499_984079066144633_8202918187749214653_n-1.jpg 1040w\" sizes=\"(max-width: 1024px) 100vw, 1024px\" \/><\/a><\/figure>\n<\/figure>\n\n\n\n<p>Zapraszam do rezerwacji telefonicznej 732 194 188 lub email : w_czajka@op.pl <\/p>\n","protected":false},"excerpt":{"rendered":"<p>Klaun na imprez\u0119 urodzinow\u0105 . Dost\u0119pne warianty od 1-3 h w super cenach i z maksymalnie na\u0142adowanym programem. Takiej oferty w tak niskiej cenie nie da Ci nikt. TYLKO WOJ.\u015aL\u0104SKIE ! ( pozosta\u0142e woj. wyceniamy po otrzymaniu email z konkretnym &hellip; <a href=\"http:\/\/www.balony-rybnik.com.pl\/?page_id=28\">Czytaj dalej <span class=\"meta-nav\">&rarr;<\/span><\/a><\/p>\n","protected":false},"author":1,"featured_media":0,"parent":0,"menu_order":0,"comment_status":"open","ping_status":"open","template":"","meta":[],"_links":{"self":[{"href":"http:\/\/www.balony-rybnik.com.pl\/index.php?rest_route=\/wp\/v2\/pages\/28"}],"collection":[{"href":"http:\/\/www.balony-rybnik.com.pl\/index.php?rest_route=\/wp\/v2\/pages"}],"about":[{"href":"http:\/\/www.balony-rybnik.com.pl\/index.php?rest_route=\/wp\/v2\/types\/page"}],"author":[{"embeddable":true,"href":"http:\/\/www.balony-rybnik.com.pl\/index.php?rest_route=\/wp\/v2\/users\/1"}],"replies":[{"embeddable":true,"href":"http:\/\/www.balony-rybnik.com.pl\/index.php?rest_route=%2Fwp%2Fv2%2Fcomments&post=28"}],"version-history":[{"count":11,"href":"http:\/\/www.balony-rybnik.com.pl\/index.php?rest_route=\/wp\/v2\/pages\/28\/revisions"}],"predecessor-version":[{"id":505,"href":"http:\/\/www.balony-rybnik.com.pl\/index.php?rest_route=\/wp\/v2\/pages\/28\/revisions\/505"}],"wp:attachment":[{"href":"http:\/\/www.balony-rybnik.com.pl\/index.php?rest_route=%2Fwp%2Fv2%2Fmedia&parent=28"}],"curies":[{"name":"wp","href":"https:\/\/api.w.org\/{rel}","templated":true}]}}